{"id":20650,"date":"2026-02-25T11:32:30","date_gmt":"2026-02-25T10:32:30","guid":{"rendered":"https:\/\/www.plaisance-citoyenne.fr\/site\/?page_id=20650"},"modified":"2026-02-25T11:32:30","modified_gmt":"2026-02-25T10:32:30","slug":"une-gouvernance-partagee-dans-notre-commune-pourquoi-et-comment","status":"publish","type":"page","link":"https:\/\/www.plaisance-citoyenne.fr\/site\/une-gouvernance-partagee-dans-notre-commune-pourquoi-et-comment\/","title":{"rendered":"Une Gouvernance partag\u00e9e dans notre commune\u00a0: pourquoi\u00a0et comment ?"},"content":{"rendered":"\n<figure class=\"wp-block-image size-large\"><img loading=\"lazy\" decoding=\"async\" width=\"1024\" height=\"688\" src=\"https:\/\/www.plaisance-citoyenne.fr\/site\/wp-content\/uploads\/2026\/02\/schema-gouvernance-partagee-1024x688.png\" alt=\"\" class=\"wp-image-20652\" srcset=\"https:\/\/www.plaisance-citoyenne.fr\/site\/wp-content\/uploads\/2026\/02\/schema-gouvernance-partagee-1024x688.png 1024w, https:\/\/www.plaisance-citoyenne.fr\/site\/wp-content\/uploads\/2026\/02\/schema-gouvernance-partagee-300x201.png 300w, https:\/\/www.plaisance-citoyenne.fr\/site\/wp-content\/uploads\/2026\/02\/schema-gouvernance-partagee-768x516.png 768w, https:\/\/www.plaisance-citoyenne.fr\/site\/wp-content\/uploads\/2026\/02\/schema-gouvernance-partagee.png 1041w\" sizes=\"auto, (max-width: 1024px) 100vw, 1024px\" \/><\/figure>\n\n\n\n<p><strong>1. La d\u00e9mocratie ne peut pas se limiter au vote tous les 6 ans<\/strong><\/p>\n\n\n\n<p>La gouvernance partag\u00e9e permet aux habitants de <strong>participer en continu<\/strong> aux d\u00e9cisions qui les concernent, pas seulement au moment de choisir des repr\u00e9sentants.<\/p>\n\n\n\n<p><strong>2. Les \u00e9lus ne d\u00e9tiennent pas seuls l\u2019intelligence<\/strong><\/p>\n\n\n\n<p>Les enjeux locaux sont devenus complexes&nbsp;: \u00e9cologie, urbanisme, vivre-ensemble\u2026<br>Les habitants, les associations, les agents municipaux poss\u00e8dent des exp\u00e9riences et des comp\u00e9tences pr\u00e9cieuses.<\/p>\n\n\n\n<p>La d\u00e9cision est meilleure quand elle est <strong>co-construite<\/strong>.<\/p>\n\n\n\n<p><strong>3. Redonner du pouvoir d\u2019agir aux citoyens<\/strong><\/p>\n\n\n\n<p>La gouvernance partag\u00e9e redonne de la dignit\u00e9 politique : les citoyens ne sont plus des usagers passifs mais des <strong>acteurs responsables<\/strong>.<\/p>\n\n\n\n<p><strong>4. Cr\u00e9er de la confiance et pas de la d\u00e9fiance<\/strong><\/p>\n\n\n\n<p>Quand les d\u00e9cisions sont prises \u201cd\u2019en haut\u201d, la m\u00e9fiance augmente.<br>En associant les habitants d\u00e8s le d\u00e9part, on construit une <strong>relation de confiance<\/strong>, m\u00eame lorsque les choix sont difficiles.<\/p>\n\n\n\n<p>Combien de fois dans nos porte-\u00e0-porte entendons-nous&nbsp;:<\/p>\n\n\n\n<p><em>\u00ab&nbsp;\u00c7a ne sert \u00e0 rien de voter, le maire ne fait que ce qu\u2019il veut.\u00bb<\/em><\/p>\n\n\n\n<p><strong>5. Faire face aux transitions (\u00e9cologique, sociale\u2026)<\/strong><\/p>\n\n\n\n<p>Les grandes transitions ne peuvent pas \u00eatre impos\u00e9es.<br>Elles n\u00e9cessitent l\u2019adh\u00e9sion, l\u2019engagement et parfois des changements de modes de vie. Cela ne peut r\u00e9ussir qu\u2019\u00e0 travers <strong>une participation r\u00e9elle et active des habitants.<\/strong><\/p>\n\n\n\n<p><strong>6. Changer la posture du pouvoir<\/strong><\/p>\n\n\n\n<p>L\u2019\u00e9lu ne doit plus \u00eatre \u201ccelui qui sait et d\u00e9cide pour les autres\u201d mais <strong>un facilitateur, un garant du cadre et du sens.<\/strong><\/p>\n\n\n\n<p><strong>Alors comment faire ?<\/strong><\/p>\n\n\n\n<figure class=\"wp-block-image size-large\"><img loading=\"lazy\" decoding=\"async\" width=\"1024\" height=\"723\" src=\"https:\/\/www.plaisance-citoyenne.fr\/site\/wp-content\/uploads\/2026\/02\/image-3-1024x723.png\" alt=\"\" class=\"wp-image-20653\" srcset=\"https:\/\/www.plaisance-citoyenne.fr\/site\/wp-content\/uploads\/2026\/02\/image-3-1024x723.png 1024w, https:\/\/www.plaisance-citoyenne.fr\/site\/wp-content\/uploads\/2026\/02\/image-3-300x212.png 300w, https:\/\/www.plaisance-citoyenne.fr\/site\/wp-content\/uploads\/2026\/02\/image-3-768x542.png 768w, https:\/\/www.plaisance-citoyenne.fr\/site\/wp-content\/uploads\/2026\/02\/image-3-1536x1084.png 1536w, https:\/\/www.plaisance-citoyenne.fr\/site\/wp-content\/uploads\/2026\/02\/image-3-2048x1446.png 2048w\" sizes=\"auto, (max-width: 1024px) 100vw, 1024px\" \/><\/figure>\n\n\n\n<p>L\u2019<strong>Assembl\u00e9e citoyenne<\/strong><\/p>\n\n\n\n<p>L\u2019Assembl\u00e9e citoyenne n\u2019est pas une simple r\u00e9union consultative.<br>C\u2019est un <strong>espace structur\u00e9 de co-construction<\/strong> o\u00f9 des habitants participent r\u00e9ellement \u00e0 l\u2019\u00e9laboration des d\u00e9cisions publiques.<\/p>\n\n\n\n<p>On y d\u00e9bat, on confronte les points de vue, on prend le temps de comprendre les enjeux.<br>Ce n\u2019est pas un lieu d\u2019avis rapide, mais un espace d\u2019information et de d\u00e9bat argument\u00e9.<\/p>\n\n\n\n<p>Elle r\u00e9unit :<\/p>\n\n\n\n<ul class=\"wp-block-list\">\n<li>des habitants volontaires<\/li>\n\n\n\n<li>des citoyens tir\u00e9s au sort<\/li>\n\n\n\n<li>des acteurs associatifs<\/li>\n\n\n\n<li>des experts<\/li>\n\n\n\n<li>des \u00e9lus<\/li>\n\n\n\n<li>des agents municipaux.<\/li>\n<\/ul>\n\n\n\n<p>L\u2019Assembl\u00e9e intervient en amont des d\u00e9cisions du conseil municipal.<br>Elle travaille sur les projets, formule des propositions et explore des alternatives.<\/p>\n\n\n\n<p>Ce n\u2019est donc pas :<\/p>\n\n\n\n<p>\u201cOn vous pr\u00e9sente un projet d\u00e9j\u00e0 ficel\u00e9\u201d<\/p>\n\n\n\n<p>Mais :<\/p>\n\n\n\n<p>\u201cOn construit ensemble\u201d.<\/p>\n\n\n\n<p>Les \u00e9lus restent responsables juridiquement, mais ils deviennent <strong>facilitateurs et garants du cadre<\/strong>, et non plus seuls d\u00e9cideurs. Le conseil municipal s\u2019engage \u00e0 respecter les d\u00e9cisions de l\u2019Assembl\u00e9e citoyenne.<\/p>\n\n\n\n<h1 class=\"wp-block-heading\">Le droit d\u2019interpellation<\/h1>\n\n\n\n<p>Le droit d\u2019interpellationest un m\u00e9canisme d\u00e9mocratique essentiel qui renforce la participation citoyenne dans notre commune.<\/p>\n\n\n\n<p>Il permet \u00e0 chaque Plaisan\u00e7oise et Plaisan\u00e7ois, qu&rsquo;il s&rsquo;agisse d&rsquo;une personne physique ou d&rsquo;une association, de :<\/p>\n\n\n\n<ul class=\"wp-block-list\">\n<li>susciter un d\u00e9bat public autour des projets municipaux<\/li>\n\n\n\n<li>faire \u00e9merger des sujets absents de l\u2019agenda politique<\/li>\n\n\n\n<li>interroger les \u00e9lus sur des d\u00e9cisions<\/li>\n\n\n\n<li>proposer des initiatives concr\u00e8tes pour am\u00e9liorer la vie locale.<\/li>\n<\/ul>\n\n\n\n<p>Selon la taille du groupe des interpellateurs, des r\u00e9ponses adapt\u00e9es seront fournies, <strong>allant d\u2019une m\u00e9diation locale (*) <\/strong>\u00e0<strong> un r\u00e9f\u00e9rendum d\u2019initiative citoyenne (**).<\/strong><\/p>\n\n\n\n<p><strong>(*) La m\u00e9diation d&rsquo;initiative citoyenne<\/strong><\/p>\n\n\n\n<p>Accessible \u00e0 partir de 15 soutiens, elle constitue le premier niveau d\u2019interpellation.<\/p>\n\n\n\n<p>Elle permet un \u00e9change direct entre les porteurs d&rsquo;une pr\u00e9occupation et la municipalit\u00e9, dans un cadre favorisant l&rsquo;\u00e9coute mutuelle et la recherche de solutions.<\/p>\n\n\n\n<p>Objectifs de la m\u00e9diation&nbsp;:<\/p>\n\n\n\n<ul class=\"wp-block-list\">\n<li>Favoriser un dialogue apais\u00e9 et constructif<\/li>\n\n\n\n<li>Permettre une meilleure compr\u00e9hension des enjeux par toutes les parties<\/li>\n\n\n\n<li>Explorer ensemble des pistes de r\u00e9solution<\/li>\n\n\n\n<li>Renforcer la confiance entre habitants et institutions.<\/li>\n<\/ul>\n\n\n\n<p><strong>(**) <\/strong><strong>Le r\u00e9f\u00e9rendum d&rsquo;initiative citoyenne<\/strong><\/p>\n\n\n\n<p>Il constitue le niveau le plus \u00e9lev\u00e9 d&rsquo;interpellation, permettant de soumettre directement une proposition au vote de l&rsquo;ensemble des Plaisan\u00e7ois. Ce dispositif, exceptionnel par son ampleur et son impact potentiel, repr\u00e9sente un exercice de d\u00e9mocratie directe \u00e0 l&rsquo;\u00e9chelle locale.<\/p>\n\n\n\n<p>Pour \u00eatre organis\u00e9, les porteurs doivent rassembler au moins 1 500 signatures (environ 7% de la population) dans un d\u00e9lai de 6 mois, t\u00e9moignant d&rsquo;un large soutien populaire \u00e0 la proposition.<\/p>\n\n\n\n<p>La Ville organise une p\u00e9riode d&rsquo;information \u00e9quitable permettant \u00e0 tous les points de vue de s&rsquo;exprimer. Des d\u00e9bats publics, des documents d&rsquo;information et des r\u00e9unions sont propos\u00e9s pour \u00e9clairer le vote citoyen.<\/p>\n\n\n\n<p>La votation est organis\u00e9e sur une ou plusieurs journ\u00e9es, permettant \u00e0 tous les Plaisan\u00e7ois inscrits sur les listes \u00e9lectorales ou payant des imp\u00f4ts locaux, ainsi qu\u2019aux jeunes Plaisan\u00e7ois \u00e2g\u00e9s de 16 \u00e0 18 ans, d\u2019exprimer leur position.<\/p>\n\n\n\n<p>Si la proposition obtient une majorit\u00e9 des votes exprim\u00e9s avec au moins 10% de participation, le maire s&rsquo;engage \u00e0 proposer une d\u00e9lib\u00e9ration au conseil municipal refl\u00e9tant le r\u00e9sultat de la consultation.<\/p>\n\n\n\n<p><strong>L\u2019Observatoire des pratiques d\u00e9mocratiques<\/strong><\/p>\n\n\n\n<p>L\u2019Observatoire des pratiques d\u00e9mocratiques est une instancede veille d\u00e9mocratique ouverte aux habitants. Il porte un regard critique sur les pratiques d\u00e9mocratiques internes et la participation citoyenne.<\/p>\n\n\n\n<p>Ses missions&nbsp;:<\/p>\n\n\n\n<ul class=\"wp-block-list\">\n<li>veiller \u00e0 la mise en pratique de la d\u00e9mocratie participative<\/li>\n\n\n\n<li>en mesurer les effets sur le pouvoir d&rsquo;agir des habitants et faciliter le bon fonctionnement du processus d\u00e9mocratique local<\/li>\n\n\n\n<li>garantir le respect de la charte de Plaisance Citoyenne<\/li>\n\n\n\n<li>veiller \u00e0 ce que chaque \u00e9lu n\u2019ait pas us\u00e9 de sa position de pouvoir \u00e0 des fins personnelles<\/li>\n\n\n\n<li>proposer d\u2019apporter des outils pour former les citoyens et les \u00e9lus impliqu\u00e9s dans le fonctionnement de la d\u00e9mocratie participative.<\/li>\n\n\n\n<li>proposer au Maire et aux \u00e9lus des modifications ou des am\u00e9liorations dans les diff\u00e9rents processus de d\u00e9mocratie locale.<\/li>\n<\/ul>\n\n\n\n<p>Tout citoyen peut faire appel \u00e0 l&rsquo;Observatoire pour toute question relevant de la d\u00e9mocratie participative y compris tout litige ou contentieux relevant de ce domaine.<\/p>\n\n\n\n<p>L\u2019Observatoire publie chaque ann\u00e9e un rapport \u00e9valuant l\u2019implication des habitants, la qualit\u00e9 des processus d\u00e9mocratiques et les pistes de progr\u00e8s.<\/p>\n\n\n\n<p>Il est ind\u00e9pendant du maire et des \u00e9lus.<br>Il est compos\u00e9 d\u2019habitants non candidats aux \u00e9lections municipales de 2026, tir\u00e9s au sort ou volontaires, ainsi que d\u2019un nombre limit\u00e9 d\u2019\u00e9lus, dans un cadre garantissant son impartialit\u00e9.<\/p>\n\n\n\n<h1 class=\"wp-block-heading\">Une dynamique nationale<\/h1>\n\n\n\n<p>En 2020, 384 listes citoyennes se sont pr\u00e9sent\u00e9es aux \u00e9lections municipales.<\/p>\n\n\n\n<p>66 ont remport\u00e9 les \u00e9lections, dont celle de Poitiers (89&nbsp;000 habitants).<\/p>\n\n\n\n<p>Pour les \u00e9lections de 2026, la dynamique s\u2019acc\u00e9l\u00e8re&nbsp;: plus de 600 listes citoyennes ont d\u00e9j\u00e0 \u00e9t\u00e9 identifi\u00e9es, <strong>parmi lesquelles\u2026 Plaisance Citoyenne.<\/strong><\/p>\n\n\n\n<p>Pour en savoir encore plus&nbsp;:<\/p>\n\n\n\n<figure class=\"wp-block-embed is-type-wp-embed is-provider-fr-quence-commune wp-block-embed-fr-quence-commune\"><div class=\"wp-block-embed__wrapper\">\n<blockquote class=\"wp-embedded-content\" data-secret=\"KSAVkiVsnR\"><a href=\"https:\/\/www.frequencecommune.fr\/\">Fr\u00e9quence Commune<\/a><\/blockquote><iframe loading=\"lazy\" class=\"wp-embedded-content\" sandbox=\"allow-scripts\" security=\"restricted\" style=\"position: absolute; visibility: hidden;\" title=\"\u00ab\u00a0Fr\u00e9quence Commune\u00a0\u00bb &#8212; Fr\u00e9quence Commune\" src=\"https:\/\/www.frequencecommune.fr\/embed\/#?secret=DaWbp32hts#?secret=KSAVkiVsnR\" data-secret=\"KSAVkiVsnR\" width=\"600\" height=\"338\" frameborder=\"0\" marginwidth=\"0\" marginheight=\"0\" scrolling=\"no\"><\/iframe>\n<\/div><\/figure>\n","protected":false},"excerpt":{"rendered":"<p>1. La d\u00e9mocratie ne peut pas se limiter au vote tous les 6 ans La gouvernance partag\u00e9e permet aux habitants de participer en continu aux d\u00e9cisions qui les concernent, pas seulement au moment de choisir des repr\u00e9sentants. 2. Les \u00e9lus ne d\u00e9tiennent pas seuls l\u2019intelligence Les enjeux locaux sont devenus [&hellip;]<\/p>\n","protected":false},"author":3,"featured_media":20652,"parent":0,"menu_order":0,"comment_status":"closed","ping_status":"closed","template":"","meta":{"footnotes":""},"class_list":["post-20650","page","type-page","status-publish","has-post-thumbnail","hentry"],"yoast_head":"<!-- This site is optimized with the Yoast SEO plugin v27.2 - https:\/\/yoast.com\/product\/yoast-seo-wordpress\/ -->\n<title>Une Gouvernance partag\u00e9e dans notre commune\u00a0: pourquoi\u00a0et comment ? - Plaisance Citoyenne<\/title>\n<meta name=\"robots\" content=\"index, follow, max-snippet:-1, max-image-preview:large, max-video-preview:-1\" \/>\n<link rel=\"canonical\" href=\"https:\/\/www.plaisance-citoyenne.fr\/site\/une-gouvernance-partagee-dans-notre-commune-pourquoi-et-comment\/\" \/>\n<meta property=\"og:locale\" content=\"fr_FR\" \/>\n<meta property=\"og:type\" content=\"article\" \/>\n<meta property=\"og:title\" content=\"Une Gouvernance partag\u00e9e dans notre commune\u00a0: pourquoi\u00a0et comment ? - Plaisance Citoyenne\" \/>\n<meta property=\"og:description\" content=\"1. La d\u00e9mocratie ne peut pas se limiter au vote tous les 6 ans La gouvernance partag\u00e9e permet aux habitants de participer en continu aux d\u00e9cisions qui les concernent, pas seulement au moment de choisir des repr\u00e9sentants. 2. Les \u00e9lus ne d\u00e9tiennent pas seuls l\u2019intelligence Les enjeux locaux sont devenus [&hellip;]\" \/>\n<meta property=\"og:url\" content=\"https:\/\/www.plaisance-citoyenne.fr\/site\/une-gouvernance-partagee-dans-notre-commune-pourquoi-et-comment\/\" \/>\n<meta property=\"og:site_name\" content=\"Plaisance Citoyenne\" \/>\n<meta property=\"article:publisher\" content=\"https:\/\/www.facebook.com\/plaisancecitoyenne\/\" \/>\n<meta property=\"og:image\" content=\"https:\/\/www.plaisance-citoyenne.fr\/site\/wp-content\/uploads\/2026\/02\/schema-gouvernance-partagee.png\" \/>\n\t<meta property=\"og:image:width\" content=\"1041\" \/>\n\t<meta property=\"og:image:height\" content=\"699\" \/>\n\t<meta property=\"og:image:type\" content=\"image\/png\" \/>\n<meta name=\"twitter:card\" content=\"summary_large_image\" \/>\n<meta name=\"twitter:label1\" content=\"Dur\u00e9e de lecture estim\u00e9e\" \/>\n\t<meta name=\"twitter:data1\" content=\"6 minutes\" \/>\n<script type=\"application\/ld+json\" class=\"yoast-schema-graph\">{\"@context\":\"https:\/\/schema.org\",\"@graph\":[{\"@type\":\"WebPage\",\"@id\":\"https:\/\/www.plaisance-citoyenne.fr\/site\/une-gouvernance-partagee-dans-notre-commune-pourquoi-et-comment\/\",\"url\":\"https:\/\/www.plaisance-citoyenne.fr\/site\/une-gouvernance-partagee-dans-notre-commune-pourquoi-et-comment\/\",\"name\":\"Une Gouvernance partag\u00e9e dans notre commune\u00a0: pourquoi\u00a0et comment ? - Plaisance Citoyenne\",\"isPartOf\":{\"@id\":\"https:\/\/www.plaisance-citoyenne.fr\/site\/#website\"},\"primaryImageOfPage\":{\"@id\":\"https:\/\/www.plaisance-citoyenne.fr\/site\/une-gouvernance-partagee-dans-notre-commune-pourquoi-et-comment\/#primaryimage\"},\"image\":{\"@id\":\"https:\/\/www.plaisance-citoyenne.fr\/site\/une-gouvernance-partagee-dans-notre-commune-pourquoi-et-comment\/#primaryimage\"},\"thumbnailUrl\":\"https:\/\/www.plaisance-citoyenne.fr\/site\/wp-content\/uploads\/2026\/02\/schema-gouvernance-partagee.png\",\"datePublished\":\"2026-02-25T10:32:30+00:00\",\"breadcrumb\":{\"@id\":\"https:\/\/www.plaisance-citoyenne.fr\/site\/une-gouvernance-partagee-dans-notre-commune-pourquoi-et-comment\/#breadcrumb\"},\"inLanguage\":\"fr-FR\",\"potentialAction\":[{\"@type\":\"ReadAction\",\"target\":[\"https:\/\/www.plaisance-citoyenne.fr\/site\/une-gouvernance-partagee-dans-notre-commune-pourquoi-et-comment\/\"]}]},{\"@type\":\"ImageObject\",\"inLanguage\":\"fr-FR\",\"@id\":\"https:\/\/www.plaisance-citoyenne.fr\/site\/une-gouvernance-partagee-dans-notre-commune-pourquoi-et-comment\/#primaryimage\",\"url\":\"https:\/\/www.plaisance-citoyenne.fr\/site\/wp-content\/uploads\/2026\/02\/schema-gouvernance-partagee.png\",\"contentUrl\":\"https:\/\/www.plaisance-citoyenne.fr\/site\/wp-content\/uploads\/2026\/02\/schema-gouvernance-partagee.png\",\"width\":1041,\"height\":699},{\"@type\":\"BreadcrumbList\",\"@id\":\"https:\/\/www.plaisance-citoyenne.fr\/site\/une-gouvernance-partagee-dans-notre-commune-pourquoi-et-comment\/#breadcrumb\",\"itemListElement\":[{\"@type\":\"ListItem\",\"position\":1,\"name\":\"Accueil\",\"item\":\"https:\/\/www.plaisance-citoyenne.fr\/site\/\"},{\"@type\":\"ListItem\",\"position\":2,\"name\":\"Une Gouvernance partag\u00e9e dans notre commune\u00a0: pourquoi\u00a0et comment ?\"}]},{\"@type\":\"WebSite\",\"@id\":\"https:\/\/www.plaisance-citoyenne.fr\/site\/#website\",\"url\":\"https:\/\/www.plaisance-citoyenne.fr\/site\/\",\"name\":\"Plaisance Citoyenne\",\"description\":\"Et si demain on changeait de gouvernance ?\",\"publisher\":{\"@id\":\"https:\/\/www.plaisance-citoyenne.fr\/site\/#organization\"},\"potentialAction\":[{\"@type\":\"SearchAction\",\"target\":{\"@type\":\"EntryPoint\",\"urlTemplate\":\"https:\/\/www.plaisance-citoyenne.fr\/site\/?s={search_term_string}\"},\"query-input\":{\"@type\":\"PropertyValueSpecification\",\"valueRequired\":true,\"valueName\":\"search_term_string\"}}],\"inLanguage\":\"fr-FR\"},{\"@type\":\"Organization\",\"@id\":\"https:\/\/www.plaisance-citoyenne.fr\/site\/#organization\",\"name\":\"Plaisance Citoyenne\",\"url\":\"https:\/\/www.plaisance-citoyenne.fr\/site\/\",\"logo\":{\"@type\":\"ImageObject\",\"inLanguage\":\"fr-FR\",\"@id\":\"https:\/\/www.plaisance-citoyenne.fr\/site\/#\/schema\/logo\/image\/\",\"url\":\"https:\/\/www.plaisance-citoyenne.fr\/site\/wp-content\/uploads\/2025\/08\/cropped-logo-1.png\",\"contentUrl\":\"https:\/\/www.plaisance-citoyenne.fr\/site\/wp-content\/uploads\/2025\/08\/cropped-logo-1.png\",\"width\":512,\"height\":341,\"caption\":\"Plaisance Citoyenne\"},\"image\":{\"@id\":\"https:\/\/www.plaisance-citoyenne.fr\/site\/#\/schema\/logo\/image\/\"},\"sameAs\":[\"https:\/\/www.facebook.com\/plaisancecitoyenne\/\",\"https:\/\/www.instagram.com\/plaisancecitoyenne\/\"]}]}<\/script>\n<!-- \/ Yoast SEO plugin. -->","yoast_head_json":{"title":"Une Gouvernance partag\u00e9e dans notre commune\u00a0: pourquoi\u00a0et comment ? - Plaisance Citoyenne","robots":{"index":"index","follow":"follow","max-snippet":"max-snippet:-1","max-image-preview":"max-image-preview:large","max-video-preview":"max-video-preview:-1"},"canonical":"https:\/\/www.plaisance-citoyenne.fr\/site\/une-gouvernance-partagee-dans-notre-commune-pourquoi-et-comment\/","og_locale":"fr_FR","og_type":"article","og_title":"Une Gouvernance partag\u00e9e dans notre commune\u00a0: pourquoi\u00a0et comment ? - Plaisance Citoyenne","og_description":"1. La d\u00e9mocratie ne peut pas se limiter au vote tous les 6 ans La gouvernance partag\u00e9e permet aux habitants de participer en continu aux d\u00e9cisions qui les concernent, pas seulement au moment de choisir des repr\u00e9sentants. 2. Les \u00e9lus ne d\u00e9tiennent pas seuls l\u2019intelligence Les enjeux locaux sont devenus [&hellip;]","og_url":"https:\/\/www.plaisance-citoyenne.fr\/site\/une-gouvernance-partagee-dans-notre-commune-pourquoi-et-comment\/","og_site_name":"Plaisance Citoyenne","article_publisher":"https:\/\/www.facebook.com\/plaisancecitoyenne\/","og_image":[{"width":1041,"height":699,"url":"https:\/\/www.plaisance-citoyenne.fr\/site\/wp-content\/uploads\/2026\/02\/schema-gouvernance-partagee.png","type":"image\/png"}],"twitter_card":"summary_large_image","twitter_misc":{"Dur\u00e9e de lecture estim\u00e9e":"6 minutes"},"schema":{"@context":"https:\/\/schema.org","@graph":[{"@type":"WebPage","@id":"https:\/\/www.plaisance-citoyenne.fr\/site\/une-gouvernance-partagee-dans-notre-commune-pourquoi-et-comment\/","url":"https:\/\/www.plaisance-citoyenne.fr\/site\/une-gouvernance-partagee-dans-notre-commune-pourquoi-et-comment\/","name":"Une Gouvernance partag\u00e9e dans notre commune\u00a0: pourquoi\u00a0et comment ? - Plaisance Citoyenne","isPartOf":{"@id":"https:\/\/www.plaisance-citoyenne.fr\/site\/#website"},"primaryImageOfPage":{"@id":"https:\/\/www.plaisance-citoyenne.fr\/site\/une-gouvernance-partagee-dans-notre-commune-pourquoi-et-comment\/#primaryimage"},"image":{"@id":"https:\/\/www.plaisance-citoyenne.fr\/site\/une-gouvernance-partagee-dans-notre-commune-pourquoi-et-comment\/#primaryimage"},"thumbnailUrl":"https:\/\/www.plaisance-citoyenne.fr\/site\/wp-content\/uploads\/2026\/02\/schema-gouvernance-partagee.png","datePublished":"2026-02-25T10:32:30+00:00","breadcrumb":{"@id":"https:\/\/www.plaisance-citoyenne.fr\/site\/une-gouvernance-partagee-dans-notre-commune-pourquoi-et-comment\/#breadcrumb"},"inLanguage":"fr-FR","potentialAction":[{"@type":"ReadAction","target":["https:\/\/www.plaisance-citoyenne.fr\/site\/une-gouvernance-partagee-dans-notre-commune-pourquoi-et-comment\/"]}]},{"@type":"ImageObject","inLanguage":"fr-FR","@id":"https:\/\/www.plaisance-citoyenne.fr\/site\/une-gouvernance-partagee-dans-notre-commune-pourquoi-et-comment\/#primaryimage","url":"https:\/\/www.plaisance-citoyenne.fr\/site\/wp-content\/uploads\/2026\/02\/schema-gouvernance-partagee.png","contentUrl":"https:\/\/www.plaisance-citoyenne.fr\/site\/wp-content\/uploads\/2026\/02\/schema-gouvernance-partagee.png","width":1041,"height":699},{"@type":"BreadcrumbList","@id":"https:\/\/www.plaisance-citoyenne.fr\/site\/une-gouvernance-partagee-dans-notre-commune-pourquoi-et-comment\/#breadcrumb","itemListElement":[{"@type":"ListItem","position":1,"name":"Accueil","item":"https:\/\/www.plaisance-citoyenne.fr\/site\/"},{"@type":"ListItem","position":2,"name":"Une Gouvernance partag\u00e9e dans notre commune\u00a0: pourquoi\u00a0et comment ?"}]},{"@type":"WebSite","@id":"https:\/\/www.plaisance-citoyenne.fr\/site\/#website","url":"https:\/\/www.plaisance-citoyenne.fr\/site\/","name":"Plaisance Citoyenne","description":"Et si demain on changeait de gouvernance ?","publisher":{"@id":"https:\/\/www.plaisance-citoyenne.fr\/site\/#organization"},"potentialAction":[{"@type":"SearchAction","target":{"@type":"EntryPoint","urlTemplate":"https:\/\/www.plaisance-citoyenne.fr\/site\/?s={search_term_string}"},"query-input":{"@type":"PropertyValueSpecification","valueRequired":true,"valueName":"search_term_string"}}],"inLanguage":"fr-FR"},{"@type":"Organization","@id":"https:\/\/www.plaisance-citoyenne.fr\/site\/#organization","name":"Plaisance Citoyenne","url":"https:\/\/www.plaisance-citoyenne.fr\/site\/","logo":{"@type":"ImageObject","inLanguage":"fr-FR","@id":"https:\/\/www.plaisance-citoyenne.fr\/site\/#\/schema\/logo\/image\/","url":"https:\/\/www.plaisance-citoyenne.fr\/site\/wp-content\/uploads\/2025\/08\/cropped-logo-1.png","contentUrl":"https:\/\/www.plaisance-citoyenne.fr\/site\/wp-content\/uploads\/2025\/08\/cropped-logo-1.png","width":512,"height":341,"caption":"Plaisance Citoyenne"},"image":{"@id":"https:\/\/www.plaisance-citoyenne.fr\/site\/#\/schema\/logo\/image\/"},"sameAs":["https:\/\/www.facebook.com\/plaisancecitoyenne\/","https:\/\/www.instagram.com\/plaisancecitoyenne\/"]}]}},"jetpack_sharing_enabled":true,"_links":{"self":[{"href":"https:\/\/www.plaisance-citoyenne.fr\/site\/wp-json\/wp\/v2\/pages\/20650","targetHints":{"allow":["GET"]}}],"collection":[{"href":"https:\/\/www.plaisance-citoyenne.fr\/site\/wp-json\/wp\/v2\/pages"}],"about":[{"href":"https:\/\/www.plaisance-citoyenne.fr\/site\/wp-json\/wp\/v2\/types\/page"}],"author":[{"embeddable":true,"href":"https:\/\/www.plaisance-citoyenne.fr\/site\/wp-json\/wp\/v2\/users\/3"}],"replies":[{"embeddable":true,"href":"https:\/\/www.plaisance-citoyenne.fr\/site\/wp-json\/wp\/v2\/comments?post=20650"}],"version-history":[{"count":1,"href":"https:\/\/www.plaisance-citoyenne.fr\/site\/wp-json\/wp\/v2\/pages\/20650\/revisions"}],"predecessor-version":[{"id":20654,"href":"https:\/\/www.plaisance-citoyenne.fr\/site\/wp-json\/wp\/v2\/pages\/20650\/revisions\/20654"}],"wp:featuredmedia":[{"embeddable":true,"href":"https:\/\/www.plaisance-citoyenne.fr\/site\/wp-json\/wp\/v2\/media\/20652"}],"wp:attachment":[{"href":"https:\/\/www.plaisance-citoyenne.fr\/site\/wp-json\/wp\/v2\/media?parent=20650"}],"curies":[{"name":"wp","href":"https:\/\/api.w.org\/{rel}","templated":true}]}}