{"id":930,"date":"2020-01-29T22:07:04","date_gmt":"2020-01-29T21:07:04","guid":{"rendered":"https:\/\/plaisance-citoyenne.fr\/site\/?page_id=930"},"modified":"2020-01-29T22:07:04","modified_gmt":"2020-01-29T21:07:04","slug":"veronique-druot","status":"publish","type":"page","link":"https:\/\/www.plaisance-citoyenne.fr\/site\/veronique-druot\/","title":{"rendered":"V\u00e9ronique Druot"},"content":{"rendered":"\n<p>  J\u2019ai 53 ans. J\u2019habite \u00e0 Plaisance depuis 17 ans, ville o\u00f9 mes 3 enfants ont grandi et suivi leur scolarit\u00e9. <\/p>\n\n\n\n<p> Mon engagement associatif : engag\u00e9e dans la FCPE depuis de nombreuses ann\u00e9es, pr\u00e9sidente de cette association pour le coll\u00e8ge en 2018\/2019. J&rsquo;ai mis en avant la d\u00e9fense de la co-\u00e9ducation et le vivre ensemble.Je suis \u00e9galement tr\u00e8s engag\u00e9e aupr\u00e8s des Eclaireurs de France o\u00f9 je suis directrice de camp. Cette association met en avant 5 valeurs dans lesquelles je me retrouve : la solidarit\u00e9, l&rsquo;\u00e9cocitoyennet\u00e9, la co-\u00e9ducation, la d\u00e9mocratie et la la\u00efcit\u00e9. Ce sont ces m\u00eames valeurs que nous d\u00e9fendons dans la liste Plaisance Citoyenne et que nous continuerons \u00e0 d\u00e9fendre une fois \u00e9lus. <\/p>\n\n\n\n<figure class=\"wp-block-image size-large\"><img decoding=\"async\" src=\"https:\/\/plaisance-citoyenne.fr\/site\/wp-content\/uploads\/2020\/02\/portraits_2-1024x683.jpg\" alt=\"\" class=\"wp-image-1027\"\/><\/figure>\n\n\n\n<p> Je suis enseignante en \u00e9cole \u00e9l\u00e9mentaire depuis 20 ans et j\u2019adh\u00e8re \u00e0 des associations d\u2019enseignants qui mettent en place des d\u00e9marches p\u00e9dagogiques tourn\u00e9es vers la coop\u00e9ration. Je mets en pratique en classe des ateliers de d\u00e9bats philosophiques, le conseil d\u00e9mocratique et d\u2019autres dispositifs qui m\u2019ont amen\u00e9e \u00e0 approfondir ma r\u00e9flexion sur la d\u00e9mocratie. <\/p>\n\n\n\n<p>Cette r\u00e9flexion m\u2019am\u00e8ne aujourd\u2019hui \u00e0 vouloir prolonger et adapter ces ateliers \u00e0 l\u2019\u00e9chelle de la commune. <\/p>\n\n\n\n<p>Pourquoi ne pas donner aux citoyens des outils qui leur permettraient de devenir acteur dans leur cit\u00e9&nbsp;? <\/p>\n\n\n\n<p>Je me suis vite aper\u00e7u que ce type de gouvernance existait d\u00e9j\u00e0 en France et que ce th\u00e8me int\u00e9ressait d\u2019autres habitants de Plaisance. J\u2019ai rencontr\u00e9 dans la liste Plaisance Citoyenne beaucoup d\u2019\u00e9coute, de bienveillance et j\u2019ai \u00e9t\u00e9 confort\u00e9e dans mon id\u00e9e de d\u00e9part&nbsp;: l\u2019expert c\u2019est le citoyen. <\/p>\n\n\n\n<p>C\u2019est vraiment l\u2019id\u00e9e qui me porte&nbsp;: nous devons utiliser les intelligences collectives. Chacun a sa place et chacun peut apporter l\u2019eau qui fera tourner le moulin de Plaisance \u00e0 venir.  <\/p>\n\n\n\n<figure class=\"wp-block-video\"><video height=\"720\" style=\"aspect-ratio: 1280 \/ 720;\" width=\"1280\" controls src=\"https:\/\/www.plaisance-citoyenne.fr\/site\/wp-content\/uploads\/2020\/02\/Conseil-cooperatif-en-CM2-Veronique-Druot-17-mars-2019.mp4\"><\/video><figcaption>Exp\u00e9rimentation de la d\u00e9mocratie en classe de CM1 CM2<\/figcaption><\/figure>\n\n\n\n<figure class=\"wp-block-video\"><video height=\"360\" style=\"aspect-ratio: 640 \/ 360;\" width=\"640\" controls src=\"https:\/\/www.plaisance-citoyenne.fr\/site\/wp-content\/uploads\/2020\/01\/vero_johan_jeff.mp4\"><\/video><figcaption>Plaisance et nous : dialogue avec V\u00e9ronique, Johan et Jean-Fran\u00e7ois<\/figcaption><\/figure>\n","protected":false},"excerpt":{"rendered":"<p>J\u2019ai 53 ans. J\u2019habite \u00e0 Plaisance depuis 17 ans, ville o\u00f9 mes 3 enfants ont grandi et suivi leur scolarit\u00e9. Mon engagement associatif : engag\u00e9e dans la FCPE depuis de nombreuses ann\u00e9es, pr\u00e9sidente de cette association pour le coll\u00e8ge en 2018\/2019. J&rsquo;ai mis en avant la d\u00e9fense de la co-\u00e9ducation [&hellip;]<\/p>\n","protected":false},"author":3,"featured_media":0,"parent":0,"menu_order":0,"comment_status":"closed","ping_status":"closed","template":"","meta":{"footnotes":""},"class_list":["post-930","page","type-page","status-publish","hentry"],"yoast_head":"<!-- This site is optimized with the Yoast SEO plugin v27.2 - https:\/\/yoast.com\/product\/yoast-seo-wordpress\/ -->\n<title>V\u00e9ronique Druot - Plaisance Citoyenne<\/title>\n<meta name=\"robots\" content=\"index, follow, max-snippet:-1, max-image-preview:large, max-video-preview:-1\" \/>\n<link rel=\"canonical\" href=\"https:\/\/www.plaisance-citoyenne.fr\/site\/veronique-druot\/\" \/>\n<meta property=\"og:locale\" content=\"fr_FR\" \/>\n<meta property=\"og:type\" content=\"article\" \/>\n<meta property=\"og:title\" content=\"V\u00e9ronique Druot - Plaisance Citoyenne\" \/>\n<meta property=\"og:description\" content=\"J\u2019ai 53 ans. J\u2019habite \u00e0 Plaisance depuis 17 ans, ville o\u00f9 mes 3 enfants ont grandi et suivi leur scolarit\u00e9. Mon engagement associatif : engag\u00e9e dans la FCPE depuis de nombreuses ann\u00e9es, pr\u00e9sidente de cette association pour le coll\u00e8ge en 2018\/2019. J&rsquo;ai mis en avant la d\u00e9fense de la co-\u00e9ducation [&hellip;]\" \/>\n<meta property=\"og:url\" content=\"https:\/\/www.plaisance-citoyenne.fr\/site\/veronique-druot\/\" \/>\n<meta property=\"og:site_name\" content=\"Plaisance Citoyenne\" \/>\n<meta property=\"article:publisher\" content=\"https:\/\/www.facebook.com\/plaisancecitoyenne\/\" \/>\n<meta property=\"og:image\" content=\"https:\/\/plaisance-citoyenne.fr\/site\/wp-content\/uploads\/2020\/02\/portraits_2-1024x683.jpg\" \/>\n<meta name=\"twitter:card\" content=\"summary_large_image\" \/>\n<meta name=\"twitter:label1\" content=\"Dur\u00e9e de lecture estim\u00e9e\" \/>\n\t<meta name=\"twitter:data1\" content=\"2 minutes\" \/>\n<script type=\"application\/ld+json\" class=\"yoast-schema-graph\">{\"@context\":\"https:\/\/schema.org\",\"@graph\":[{\"@type\":\"WebPage\",\"@id\":\"https:\/\/www.plaisance-citoyenne.fr\/site\/veronique-druot\/\",\"url\":\"https:\/\/www.plaisance-citoyenne.fr\/site\/veronique-druot\/\",\"name\":\"V\u00e9ronique Druot - Plaisance Citoyenne\",\"isPartOf\":{\"@id\":\"https:\/\/www.plaisance-citoyenne.fr\/site\/#website\"},\"primaryImageOfPage\":{\"@id\":\"https:\/\/www.plaisance-citoyenne.fr\/site\/veronique-druot\/#primaryimage\"},\"image\":{\"@id\":\"https:\/\/www.plaisance-citoyenne.fr\/site\/veronique-druot\/#primaryimage\"},\"thumbnailUrl\":\"https:\/\/plaisance-citoyenne.fr\/site\/wp-content\/uploads\/2020\/02\/portraits_2-1024x683.jpg\",\"datePublished\":\"2020-01-29T21:07:04+00:00\",\"breadcrumb\":{\"@id\":\"https:\/\/www.plaisance-citoyenne.fr\/site\/veronique-druot\/#breadcrumb\"},\"inLanguage\":\"fr-FR\",\"potentialAction\":[{\"@type\":\"ReadAction\",\"target\":[\"https:\/\/www.plaisance-citoyenne.fr\/site\/veronique-druot\/\"]}]},{\"@type\":\"ImageObject\",\"inLanguage\":\"fr-FR\",\"@id\":\"https:\/\/www.plaisance-citoyenne.fr\/site\/veronique-druot\/#primaryimage\",\"url\":\"https:\/\/plaisance-citoyenne.fr\/site\/wp-content\/uploads\/2020\/02\/portraits_2-1024x683.jpg\",\"contentUrl\":\"https:\/\/plaisance-citoyenne.fr\/site\/wp-content\/uploads\/2020\/02\/portraits_2-1024x683.jpg\"},{\"@type\":\"BreadcrumbList\",\"@id\":\"https:\/\/www.plaisance-citoyenne.fr\/site\/veronique-druot\/#breadcrumb\",\"itemListElement\":[{\"@type\":\"ListItem\",\"position\":1,\"name\":\"Accueil\",\"item\":\"https:\/\/www.plaisance-citoyenne.fr\/site\/\"},{\"@type\":\"ListItem\",\"position\":2,\"name\":\"V\u00e9ronique Druot\"}]},{\"@type\":\"WebSite\",\"@id\":\"https:\/\/www.plaisance-citoyenne.fr\/site\/#website\",\"url\":\"https:\/\/www.plaisance-citoyenne.fr\/site\/\",\"name\":\"Plaisance Citoyenne\",\"description\":\"Et si demain on changeait de gouvernance ?\",\"publisher\":{\"@id\":\"https:\/\/www.plaisance-citoyenne.fr\/site\/#organization\"},\"potentialAction\":[{\"@type\":\"SearchAction\",\"target\":{\"@type\":\"EntryPoint\",\"urlTemplate\":\"https:\/\/www.plaisance-citoyenne.fr\/site\/?s={search_term_string}\"},\"query-input\":{\"@type\":\"PropertyValueSpecification\",\"valueRequired\":true,\"valueName\":\"search_term_string\"}}],\"inLanguage\":\"fr-FR\"},{\"@type\":\"Organization\",\"@id\":\"https:\/\/www.plaisance-citoyenne.fr\/site\/#organization\",\"name\":\"Plaisance Citoyenne\",\"url\":\"https:\/\/www.plaisance-citoyenne.fr\/site\/\",\"logo\":{\"@type\":\"ImageObject\",\"inLanguage\":\"fr-FR\",\"@id\":\"https:\/\/www.plaisance-citoyenne.fr\/site\/#\/schema\/logo\/image\/\",\"url\":\"https:\/\/www.plaisance-citoyenne.fr\/site\/wp-content\/uploads\/2025\/08\/cropped-logo-1.png\",\"contentUrl\":\"https:\/\/www.plaisance-citoyenne.fr\/site\/wp-content\/uploads\/2025\/08\/cropped-logo-1.png\",\"width\":512,\"height\":341,\"caption\":\"Plaisance Citoyenne\"},\"image\":{\"@id\":\"https:\/\/www.plaisance-citoyenne.fr\/site\/#\/schema\/logo\/image\/\"},\"sameAs\":[\"https:\/\/www.facebook.com\/plaisancecitoyenne\/\",\"https:\/\/www.instagram.com\/plaisancecitoyenne\/\"]}]}<\/script>\n<!-- \/ Yoast SEO plugin. -->","yoast_head_json":{"title":"V\u00e9ronique Druot - Plaisance Citoyenne","robots":{"index":"index","follow":"follow","max-snippet":"max-snippet:-1","max-image-preview":"max-image-preview:large","max-video-preview":"max-video-preview:-1"},"canonical":"https:\/\/www.plaisance-citoyenne.fr\/site\/veronique-druot\/","og_locale":"fr_FR","og_type":"article","og_title":"V\u00e9ronique Druot - Plaisance Citoyenne","og_description":"J\u2019ai 53 ans. J\u2019habite \u00e0 Plaisance depuis 17 ans, ville o\u00f9 mes 3 enfants ont grandi et suivi leur scolarit\u00e9. Mon engagement associatif : engag\u00e9e dans la FCPE depuis de nombreuses ann\u00e9es, pr\u00e9sidente de cette association pour le coll\u00e8ge en 2018\/2019. J&rsquo;ai mis en avant la d\u00e9fense de la co-\u00e9ducation [&hellip;]","og_url":"https:\/\/www.plaisance-citoyenne.fr\/site\/veronique-druot\/","og_site_name":"Plaisance Citoyenne","article_publisher":"https:\/\/www.facebook.com\/plaisancecitoyenne\/","og_image":[{"url":"https:\/\/plaisance-citoyenne.fr\/site\/wp-content\/uploads\/2020\/02\/portraits_2-1024x683.jpg","type":"","width":"","height":""}],"twitter_card":"summary_large_image","twitter_misc":{"Dur\u00e9e de lecture estim\u00e9e":"2 minutes"},"schema":{"@context":"https:\/\/schema.org","@graph":[{"@type":"WebPage","@id":"https:\/\/www.plaisance-citoyenne.fr\/site\/veronique-druot\/","url":"https:\/\/www.plaisance-citoyenne.fr\/site\/veronique-druot\/","name":"V\u00e9ronique Druot - Plaisance Citoyenne","isPartOf":{"@id":"https:\/\/www.plaisance-citoyenne.fr\/site\/#website"},"primaryImageOfPage":{"@id":"https:\/\/www.plaisance-citoyenne.fr\/site\/veronique-druot\/#primaryimage"},"image":{"@id":"https:\/\/www.plaisance-citoyenne.fr\/site\/veronique-druot\/#primaryimage"},"thumbnailUrl":"https:\/\/plaisance-citoyenne.fr\/site\/wp-content\/uploads\/2020\/02\/portraits_2-1024x683.jpg","datePublished":"2020-01-29T21:07:04+00:00","breadcrumb":{"@id":"https:\/\/www.plaisance-citoyenne.fr\/site\/veronique-druot\/#breadcrumb"},"inLanguage":"fr-FR","potentialAction":[{"@type":"ReadAction","target":["https:\/\/www.plaisance-citoyenne.fr\/site\/veronique-druot\/"]}]},{"@type":"ImageObject","inLanguage":"fr-FR","@id":"https:\/\/www.plaisance-citoyenne.fr\/site\/veronique-druot\/#primaryimage","url":"https:\/\/plaisance-citoyenne.fr\/site\/wp-content\/uploads\/2020\/02\/portraits_2-1024x683.jpg","contentUrl":"https:\/\/plaisance-citoyenne.fr\/site\/wp-content\/uploads\/2020\/02\/portraits_2-1024x683.jpg"},{"@type":"BreadcrumbList","@id":"https:\/\/www.plaisance-citoyenne.fr\/site\/veronique-druot\/#breadcrumb","itemListElement":[{"@type":"ListItem","position":1,"name":"Accueil","item":"https:\/\/www.plaisance-citoyenne.fr\/site\/"},{"@type":"ListItem","position":2,"name":"V\u00e9ronique Druot"}]},{"@type":"WebSite","@id":"https:\/\/www.plaisance-citoyenne.fr\/site\/#website","url":"https:\/\/www.plaisance-citoyenne.fr\/site\/","name":"Plaisance Citoyenne","description":"Et si demain on changeait de gouvernance ?","publisher":{"@id":"https:\/\/www.plaisance-citoyenne.fr\/site\/#organization"},"potentialAction":[{"@type":"SearchAction","target":{"@type":"EntryPoint","urlTemplate":"https:\/\/www.plaisance-citoyenne.fr\/site\/?s={search_term_string}"},"query-input":{"@type":"PropertyValueSpecification","valueRequired":true,"valueName":"search_term_string"}}],"inLanguage":"fr-FR"},{"@type":"Organization","@id":"https:\/\/www.plaisance-citoyenne.fr\/site\/#organization","name":"Plaisance Citoyenne","url":"https:\/\/www.plaisance-citoyenne.fr\/site\/","logo":{"@type":"ImageObject","inLanguage":"fr-FR","@id":"https:\/\/www.plaisance-citoyenne.fr\/site\/#\/schema\/logo\/image\/","url":"https:\/\/www.plaisance-citoyenne.fr\/site\/wp-content\/uploads\/2025\/08\/cropped-logo-1.png","contentUrl":"https:\/\/www.plaisance-citoyenne.fr\/site\/wp-content\/uploads\/2025\/08\/cropped-logo-1.png","width":512,"height":341,"caption":"Plaisance Citoyenne"},"image":{"@id":"https:\/\/www.plaisance-citoyenne.fr\/site\/#\/schema\/logo\/image\/"},"sameAs":["https:\/\/www.facebook.com\/plaisancecitoyenne\/","https:\/\/www.instagram.com\/plaisancecitoyenne\/"]}]}},"jetpack_sharing_enabled":true,"_links":{"self":[{"href":"https:\/\/www.plaisance-citoyenne.fr\/site\/wp-json\/wp\/v2\/pages\/930","targetHints":{"allow":["GET"]}}],"collection":[{"href":"https:\/\/www.plaisance-citoyenne.fr\/site\/wp-json\/wp\/v2\/pages"}],"about":[{"href":"https:\/\/www.plaisance-citoyenne.fr\/site\/wp-json\/wp\/v2\/types\/page"}],"author":[{"embeddable":true,"href":"https:\/\/www.plaisance-citoyenne.fr\/site\/wp-json\/wp\/v2\/users\/3"}],"replies":[{"embeddable":true,"href":"https:\/\/www.plaisance-citoyenne.fr\/site\/wp-json\/wp\/v2\/comments?post=930"}],"version-history":[{"count":0,"href":"https:\/\/www.plaisance-citoyenne.fr\/site\/wp-json\/wp\/v2\/pages\/930\/revisions"}],"wp:attachment":[{"href":"https:\/\/www.plaisance-citoyenne.fr\/site\/wp-json\/wp\/v2\/media?parent=930"}],"curies":[{"name":"wp","href":"https:\/\/api.w.org\/{rel}","templated":true}]}}