{"id":963,"date":"2020-01-29T22:07:04","date_gmt":"2020-01-29T21:07:04","guid":{"rendered":"https:\/\/plaisance-citoyenne.fr\/site\/?page_id=963"},"modified":"2020-01-29T22:07:04","modified_gmt":"2020-01-29T21:07:04","slug":"isabelle-simon","status":"publish","type":"page","link":"https:\/\/www.plaisance-citoyenne.fr\/site\/isabelle-simon\/","title":{"rendered":"Isabelle Simon"},"content":{"rendered":"\n<p>J&rsquo;ai 58 ans,  maman de 2 grands enfants et nouvelle grand-m\u00e8re d\u2019un adorable petit bout de chou ! Je suis conseill\u00e8re en immobilier ind\u00e9pendante et r\u00e9dactrice web\/community manager freelance.<\/p>\n\n\n\n<p>Les al\u00e9as de la vie m\u2019ont amen\u00e9e dans la r\u00e9gion toulousaine\nil y a une quinzaine d\u2019ann\u00e9es apr\u00e8s avoir v\u00e9cu \u00e0 Marseille, ma r\u00e9gion de coeur,\n\u00e0 Paris, Lyon et Rennes.<\/p>\n\n\n\n<div class=\"wp-block-themeisle-blocks-advanced-columns has-2-columns has-desktop-equal-layout has-tablet-equal-layout has-mobile-collapsedRows-layout has-default-gap has-vertical-unset\" id=\"wp-block-themeisle-blocks-advanced-columns-9f2bb66a\" style=\"border-width:0px;border-style:solid;border-color:#000000;border-radius:0px;justify-content:unset\"><div class=\"wp-themeisle-block-overlay\" style=\"opacity:0.5;mix-blend-mode:normal\"><\/div><div class=\"innerblocks-wrap\">\n<div class=\"wp-block-themeisle-blocks-advanced-column\" id=\"wp-block-themeisle-blocks-advanced-column-1c34ce86\" style=\"border-width:0px;border-style:solid;border-color:#000000;border-radius:0px\">\n<figure class=\"wp-block-gallery columns-1 is-cropped wp-block-gallery-1 is-layout-flex wp-block-gallery-is-layout-flex\"><ul class=\"blocks-gallery-grid\"><li class=\"blocks-gallery-item\"><figure><img decoding=\"async\" src=\"https:\/\/plaisance-citoyenne.fr\/site\/wp-content\/uploads\/2020\/02\/IMG_0620-1024x683.jpg\" alt=\"Isabelle Simon-Ringenbach\" data-id=\"1002\" data-full-url=\"https:\/\/www.plaisance-citoyenne.fr\/site\/wp-content\/uploads\/2020\/02\/IMG_0620-scaled-e1580945265323.jpg\" data-link=\"https:\/\/plaisance-citoyenne.fr\/site\/img_0620\/\" class=\"wp-image-1002\"\/><figcaption class=\"blocks-gallery-item__caption\">Isabelle Simon<\/figcaption><\/figure><\/li><\/ul><\/figure>\n<\/div>\n\n\n\n<div class=\"wp-block-themeisle-blocks-advanced-column\" id=\"wp-block-themeisle-blocks-advanced-column-bef0ead5\" style=\"border-width:0px;border-style:solid;border-color:#000000;border-radius:0px\">\n<p><\/p>\n<\/div>\n<\/div><\/div>\n\n\n\n<p>Mon parcours professionnel (en tant que commerciale sant\u00e9 \u00e0 l\u2019\u00e9poque) m\u2019a amen\u00e9e en r\u00e9gion toulousaine et j\u2019ai choisi Plaisance-du-Touch, une ville en pleine expansion et dans laquelle j\u2019habite, je travaille et je vis, pour sa proximit\u00e9 avec les axes de d\u00e9placements et sa qualit\u00e9 de vie, entre campagne et ville.<\/p>\n\n\n\n<p>Le (nouveau) mod\u00e8le de gouvernance propos\u00e9 par Pascal Barbier et son \u00e9quipe, o\u00f9 chacun peut participer m\u2019a d\u00e9finitivement convaincue.<\/p>\n\n\n\n<p>Je souhaite \u00e0 mon niveau faire de mon mieux pour que toutes et tous, nous habitions une commune o\u00f9 il fait bon vivre. Mes centres d\u2019int\u00e9r\u00eat : l\u2019environnement, l\u2019alimentation, l\u2019anti-gaspi, le travail des s\u00e9niors, le num\u00e9rique\u2026  <\/p>\n","protected":false},"excerpt":{"rendered":"<p>J&rsquo;ai 58 ans, maman de 2 grands enfants et nouvelle grand-m\u00e8re d\u2019un adorable petit bout de chou ! Je suis conseill\u00e8re en immobilier ind\u00e9pendante et r\u00e9dactrice web\/community manager freelance. Les al\u00e9as de la vie m\u2019ont amen\u00e9e dans la r\u00e9gion toulousaine il y a une quinzaine d\u2019ann\u00e9es apr\u00e8s avoir v\u00e9cu \u00e0 [&hellip;]<\/p>\n","protected":false},"author":3,"featured_media":0,"parent":0,"menu_order":0,"comment_status":"closed","ping_status":"closed","template":"","meta":{"footnotes":""},"class_list":["post-963","page","type-page","status-publish","hentry"],"yoast_head":"<!-- This site is optimized with the Yoast SEO plugin v27.2 - https:\/\/yoast.com\/product\/yoast-seo-wordpress\/ -->\n<title>Isabelle Simon - Plaisance Citoyenne<\/title>\n<meta name=\"robots\" content=\"index, follow, max-snippet:-1, max-image-preview:large, max-video-preview:-1\" \/>\n<link rel=\"canonical\" href=\"https:\/\/www.plaisance-citoyenne.fr\/site\/isabelle-simon\/\" \/>\n<meta property=\"og:locale\" content=\"fr_FR\" \/>\n<meta property=\"og:type\" content=\"article\" \/>\n<meta property=\"og:title\" content=\"Isabelle Simon - Plaisance Citoyenne\" \/>\n<meta property=\"og:description\" content=\"J&rsquo;ai 58 ans, maman de 2 grands enfants et nouvelle grand-m\u00e8re d\u2019un adorable petit bout de chou ! Je suis conseill\u00e8re en immobilier ind\u00e9pendante et r\u00e9dactrice web\/community manager freelance. Les al\u00e9as de la vie m\u2019ont amen\u00e9e dans la r\u00e9gion toulousaine il y a une quinzaine d\u2019ann\u00e9es apr\u00e8s avoir v\u00e9cu \u00e0 [&hellip;]\" \/>\n<meta property=\"og:url\" content=\"https:\/\/www.plaisance-citoyenne.fr\/site\/isabelle-simon\/\" \/>\n<meta property=\"og:site_name\" content=\"Plaisance Citoyenne\" \/>\n<meta property=\"article:publisher\" content=\"https:\/\/www.facebook.com\/plaisancecitoyenne\/\" \/>\n<meta property=\"og:image\" content=\"https:\/\/plaisance-citoyenne.fr\/site\/wp-content\/uploads\/2020\/02\/IMG_0620-1024x683.jpg\" \/>\n<meta name=\"twitter:card\" content=\"summary_large_image\" \/>\n<meta name=\"twitter:label1\" content=\"Dur\u00e9e de lecture estim\u00e9e\" \/>\n\t<meta name=\"twitter:data1\" content=\"1 minute\" \/>\n<script type=\"application\/ld+json\" class=\"yoast-schema-graph\">{\"@context\":\"https:\/\/schema.org\",\"@graph\":[{\"@type\":\"WebPage\",\"@id\":\"https:\/\/www.plaisance-citoyenne.fr\/site\/isabelle-simon\/\",\"url\":\"https:\/\/www.plaisance-citoyenne.fr\/site\/isabelle-simon\/\",\"name\":\"Isabelle Simon - Plaisance Citoyenne\",\"isPartOf\":{\"@id\":\"https:\/\/www.plaisance-citoyenne.fr\/site\/#website\"},\"primaryImageOfPage\":{\"@id\":\"https:\/\/www.plaisance-citoyenne.fr\/site\/isabelle-simon\/#primaryimage\"},\"image\":{\"@id\":\"https:\/\/www.plaisance-citoyenne.fr\/site\/isabelle-simon\/#primaryimage\"},\"thumbnailUrl\":\"https:\/\/plaisance-citoyenne.fr\/site\/wp-content\/uploads\/2020\/02\/IMG_0620-1024x683.jpg\",\"datePublished\":\"2020-01-29T21:07:04+00:00\",\"breadcrumb\":{\"@id\":\"https:\/\/www.plaisance-citoyenne.fr\/site\/isabelle-simon\/#breadcrumb\"},\"inLanguage\":\"fr-FR\",\"potentialAction\":[{\"@type\":\"ReadAction\",\"target\":[\"https:\/\/www.plaisance-citoyenne.fr\/site\/isabelle-simon\/\"]}]},{\"@type\":\"ImageObject\",\"inLanguage\":\"fr-FR\",\"@id\":\"https:\/\/www.plaisance-citoyenne.fr\/site\/isabelle-simon\/#primaryimage\",\"url\":\"https:\/\/plaisance-citoyenne.fr\/site\/wp-content\/uploads\/2020\/02\/IMG_0620-1024x683.jpg\",\"contentUrl\":\"https:\/\/plaisance-citoyenne.fr\/site\/wp-content\/uploads\/2020\/02\/IMG_0620-1024x683.jpg\"},{\"@type\":\"BreadcrumbList\",\"@id\":\"https:\/\/www.plaisance-citoyenne.fr\/site\/isabelle-simon\/#breadcrumb\",\"itemListElement\":[{\"@type\":\"ListItem\",\"position\":1,\"name\":\"Accueil\",\"item\":\"https:\/\/www.plaisance-citoyenne.fr\/site\/\"},{\"@type\":\"ListItem\",\"position\":2,\"name\":\"Isabelle Simon\"}]},{\"@type\":\"WebSite\",\"@id\":\"https:\/\/www.plaisance-citoyenne.fr\/site\/#website\",\"url\":\"https:\/\/www.plaisance-citoyenne.fr\/site\/\",\"name\":\"Plaisance Citoyenne\",\"description\":\"Et si demain on changeait de gouvernance ?\",\"publisher\":{\"@id\":\"https:\/\/www.plaisance-citoyenne.fr\/site\/#organization\"},\"potentialAction\":[{\"@type\":\"SearchAction\",\"target\":{\"@type\":\"EntryPoint\",\"urlTemplate\":\"https:\/\/www.plaisance-citoyenne.fr\/site\/?s={search_term_string}\"},\"query-input\":{\"@type\":\"PropertyValueSpecification\",\"valueRequired\":true,\"valueName\":\"search_term_string\"}}],\"inLanguage\":\"fr-FR\"},{\"@type\":\"Organization\",\"@id\":\"https:\/\/www.plaisance-citoyenne.fr\/site\/#organization\",\"name\":\"Plaisance Citoyenne\",\"url\":\"https:\/\/www.plaisance-citoyenne.fr\/site\/\",\"logo\":{\"@type\":\"ImageObject\",\"inLanguage\":\"fr-FR\",\"@id\":\"https:\/\/www.plaisance-citoyenne.fr\/site\/#\/schema\/logo\/image\/\",\"url\":\"https:\/\/www.plaisance-citoyenne.fr\/site\/wp-content\/uploads\/2025\/08\/cropped-logo-1.png\",\"contentUrl\":\"https:\/\/www.plaisance-citoyenne.fr\/site\/wp-content\/uploads\/2025\/08\/cropped-logo-1.png\",\"width\":512,\"height\":341,\"caption\":\"Plaisance Citoyenne\"},\"image\":{\"@id\":\"https:\/\/www.plaisance-citoyenne.fr\/site\/#\/schema\/logo\/image\/\"},\"sameAs\":[\"https:\/\/www.facebook.com\/plaisancecitoyenne\/\",\"https:\/\/www.instagram.com\/plaisancecitoyenne\/\"]}]}<\/script>\n<!-- \/ Yoast SEO plugin. -->","yoast_head_json":{"title":"Isabelle Simon - Plaisance Citoyenne","robots":{"index":"index","follow":"follow","max-snippet":"max-snippet:-1","max-image-preview":"max-image-preview:large","max-video-preview":"max-video-preview:-1"},"canonical":"https:\/\/www.plaisance-citoyenne.fr\/site\/isabelle-simon\/","og_locale":"fr_FR","og_type":"article","og_title":"Isabelle Simon - Plaisance Citoyenne","og_description":"J&rsquo;ai 58 ans, maman de 2 grands enfants et nouvelle grand-m\u00e8re d\u2019un adorable petit bout de chou ! Je suis conseill\u00e8re en immobilier ind\u00e9pendante et r\u00e9dactrice web\/community manager freelance. Les al\u00e9as de la vie m\u2019ont amen\u00e9e dans la r\u00e9gion toulousaine il y a une quinzaine d\u2019ann\u00e9es apr\u00e8s avoir v\u00e9cu \u00e0 [&hellip;]","og_url":"https:\/\/www.plaisance-citoyenne.fr\/site\/isabelle-simon\/","og_site_name":"Plaisance Citoyenne","article_publisher":"https:\/\/www.facebook.com\/plaisancecitoyenne\/","og_image":[{"url":"https:\/\/plaisance-citoyenne.fr\/site\/wp-content\/uploads\/2020\/02\/IMG_0620-1024x683.jpg","type":"","width":"","height":""}],"twitter_card":"summary_large_image","twitter_misc":{"Dur\u00e9e de lecture estim\u00e9e":"1 minute"},"schema":{"@context":"https:\/\/schema.org","@graph":[{"@type":"WebPage","@id":"https:\/\/www.plaisance-citoyenne.fr\/site\/isabelle-simon\/","url":"https:\/\/www.plaisance-citoyenne.fr\/site\/isabelle-simon\/","name":"Isabelle Simon - Plaisance Citoyenne","isPartOf":{"@id":"https:\/\/www.plaisance-citoyenne.fr\/site\/#website"},"primaryImageOfPage":{"@id":"https:\/\/www.plaisance-citoyenne.fr\/site\/isabelle-simon\/#primaryimage"},"image":{"@id":"https:\/\/www.plaisance-citoyenne.fr\/site\/isabelle-simon\/#primaryimage"},"thumbnailUrl":"https:\/\/plaisance-citoyenne.fr\/site\/wp-content\/uploads\/2020\/02\/IMG_0620-1024x683.jpg","datePublished":"2020-01-29T21:07:04+00:00","breadcrumb":{"@id":"https:\/\/www.plaisance-citoyenne.fr\/site\/isabelle-simon\/#breadcrumb"},"inLanguage":"fr-FR","potentialAction":[{"@type":"ReadAction","target":["https:\/\/www.plaisance-citoyenne.fr\/site\/isabelle-simon\/"]}]},{"@type":"ImageObject","inLanguage":"fr-FR","@id":"https:\/\/www.plaisance-citoyenne.fr\/site\/isabelle-simon\/#primaryimage","url":"https:\/\/plaisance-citoyenne.fr\/site\/wp-content\/uploads\/2020\/02\/IMG_0620-1024x683.jpg","contentUrl":"https:\/\/plaisance-citoyenne.fr\/site\/wp-content\/uploads\/2020\/02\/IMG_0620-1024x683.jpg"},{"@type":"BreadcrumbList","@id":"https:\/\/www.plaisance-citoyenne.fr\/site\/isabelle-simon\/#breadcrumb","itemListElement":[{"@type":"ListItem","position":1,"name":"Accueil","item":"https:\/\/www.plaisance-citoyenne.fr\/site\/"},{"@type":"ListItem","position":2,"name":"Isabelle Simon"}]},{"@type":"WebSite","@id":"https:\/\/www.plaisance-citoyenne.fr\/site\/#website","url":"https:\/\/www.plaisance-citoyenne.fr\/site\/","name":"Plaisance Citoyenne","description":"Et si demain on changeait de gouvernance ?","publisher":{"@id":"https:\/\/www.plaisance-citoyenne.fr\/site\/#organization"},"potentialAction":[{"@type":"SearchAction","target":{"@type":"EntryPoint","urlTemplate":"https:\/\/www.plaisance-citoyenne.fr\/site\/?s={search_term_string}"},"query-input":{"@type":"PropertyValueSpecification","valueRequired":true,"valueName":"search_term_string"}}],"inLanguage":"fr-FR"},{"@type":"Organization","@id":"https:\/\/www.plaisance-citoyenne.fr\/site\/#organization","name":"Plaisance Citoyenne","url":"https:\/\/www.plaisance-citoyenne.fr\/site\/","logo":{"@type":"ImageObject","inLanguage":"fr-FR","@id":"https:\/\/www.plaisance-citoyenne.fr\/site\/#\/schema\/logo\/image\/","url":"https:\/\/www.plaisance-citoyenne.fr\/site\/wp-content\/uploads\/2025\/08\/cropped-logo-1.png","contentUrl":"https:\/\/www.plaisance-citoyenne.fr\/site\/wp-content\/uploads\/2025\/08\/cropped-logo-1.png","width":512,"height":341,"caption":"Plaisance Citoyenne"},"image":{"@id":"https:\/\/www.plaisance-citoyenne.fr\/site\/#\/schema\/logo\/image\/"},"sameAs":["https:\/\/www.facebook.com\/plaisancecitoyenne\/","https:\/\/www.instagram.com\/plaisancecitoyenne\/"]}]}},"jetpack_sharing_enabled":true,"_links":{"self":[{"href":"https:\/\/www.plaisance-citoyenne.fr\/site\/wp-json\/wp\/v2\/pages\/963","targetHints":{"allow":["GET"]}}],"collection":[{"href":"https:\/\/www.plaisance-citoyenne.fr\/site\/wp-json\/wp\/v2\/pages"}],"about":[{"href":"https:\/\/www.plaisance-citoyenne.fr\/site\/wp-json\/wp\/v2\/types\/page"}],"author":[{"embeddable":true,"href":"https:\/\/www.plaisance-citoyenne.fr\/site\/wp-json\/wp\/v2\/users\/3"}],"replies":[{"embeddable":true,"href":"https:\/\/www.plaisance-citoyenne.fr\/site\/wp-json\/wp\/v2\/comments?post=963"}],"version-history":[{"count":0,"href":"https:\/\/www.plaisance-citoyenne.fr\/site\/wp-json\/wp\/v2\/pages\/963\/revisions"}],"wp:attachment":[{"href":"https:\/\/www.plaisance-citoyenne.fr\/site\/wp-json\/wp\/v2\/media?parent=963"}],"curies":[{"name":"wp","href":"https:\/\/api.w.org\/{rel}","templated":true}]}}